{"id":9,"date":"2024-11-03T21:54:34","date_gmt":"2024-11-03T20:54:34","guid":{"rendered":"https:\/\/leszczynowezacisze.pl\/?page_id=9"},"modified":"2024-12-30T14:25:47","modified_gmt":"2024-12-30T13:25:47","slug":"polityka-prywatnosci","status":"publish","type":"page","link":"https:\/\/leszczynowezacisze.pl\/?page_id=9","title":{"rendered":"Polityka Prywatno\u015bci"},"content":{"rendered":"\t\t<div data-elementor-type=\"wp-page\" data-elementor-id=\"9\" class=\"elementor elementor-9\">\n\t\t\t\t<div class=\"elementor-element elementor-element-356d8e1e e-flex e-con-boxed e-con e-parent\" data-id=\"356d8e1e\" data-element_type=\"container\">\n\t\t\t\t\t<div class=\"e-con-inner\">\n\t\t\t\t<div class=\"elementor-element elementor-element-6428d92f elementor-widget elementor-widget-text-editor\" data-id=\"6428d92f\" data-element_type=\"widget\" data-widget_type=\"text-editor.default\">\n\t\t\t\t<div class=\"elementor-widget-container\">\n\t\t\t\t\t\t\t\t\t<p><span style=\"color: #000000;\"><\/span><\/p>\n<p><span style=\"color: #000000;\"><\/span><\/p>\n<h2 class=\"wp-block-heading\" style=\"text-align: center;\"><span style=\"color: #000000;\"><strong>Polityka prywatno\u015bci opisuje zasady przetwarzania przez nas informacji na Tw\u00f3j temat, w tym danych osobowych oraz ciasteczek, czyli tzw. cookies.<\/strong><\/span><\/h2>\n<p>\u00a0<\/p>\n<h3 style=\"text-align: center;\"><span style=\"color: #000000;\"><strong>1. Informacje og\u00f3lne<\/strong><\/span><\/h3>\n<p><span style=\"color: #000000;\"><strong>1.1<\/strong> Niniejsza polityka dotyczy Serwisu www, funkcjonuj\u0105cego pod adresem url: leszczynowezacisze.pl<\/span><\/p>\n<p><span style=\"color: #000000;\"><strong>1.2<\/strong> Operatorem serwisu oraz Administratorem danych osobowych jest: Agroturystyka &#8222;Leszczynowe Zacisze&#8221; Ma\u0142gorzata Wi\u015bniewska Rozalin 45, 05-282 Strach\u00f3wka<\/span><\/p>\n<p><span style=\"color: #000000;\"><strong>1.3<\/strong> Adres kontaktowy poczty elektronicznej operatora: artur.wisniewski.93@wp.pl<\/span><\/p>\n<p><span style=\"color: #000000;\"><strong>1.4<\/strong> Operator jest Administratorem Twoich danych osobowych w odniesieniu do danych podanych dobrowolnie w Serwisie.<\/span><\/p>\n<p><span style=\"color: #000000;\"><strong>1.5<\/strong> Serwis wykorzystuje dane osobowe w nast\u0119puj\u0105cych celach:<\/span><\/p>\n<p><span style=\"color: #000000;\"><strong>1.5.1<\/strong> Prowadzenie systemu komentarzy;<\/span><\/p>\n<p><span style=\"color: #000000;\"><strong>1.5.2<\/strong> Prowadzenie forum internetowego;<\/span><\/p>\n<p><span style=\"color: #000000;\"><strong>1.5.3<\/strong> Obs\u0142uga zapyta\u0144 przez formularz;<\/span><\/p>\n<p><span style=\"color: #000000;\"><strong>1.5.4.<\/strong> Prezentacja oferty lub informacji;<\/span><\/p>\n<p><span style=\"color: #000000;\"><strong>1.6<\/strong> Serwis realizuje funkcje pozyskiwania informacji o u\u017cytkownikach i ich zachowaniu w nast\u0119puj\u0105cy spos\u00f3b:<\/span><\/p>\n<p><span style=\"color: #000000;\"><strong>1.6.1<\/strong> Poprzez dobrowolnie wprowadzone w formularzach dane, kt\u00f3re zostaj\u0105 wprowadzone do system\u00f3w Operatora.<\/span><\/p>\n<p><span style=\"color: #000000;\"><strong>1.6.2<\/strong> Poprzez zapisywanie w urz\u0105dzeniach ko\u0144cowych plik\u00f3w cookie (tzw. \u201eciasteczka\u201d).<\/span><\/p>\n<h3 style=\"text-align: center;\"><span style=\"color: #000000;\">2. Wybrane metody ochrony danych stosowane przez Operatora<\/span><\/h3>\n<p><span style=\"color: #000000;\"><strong>2.1<\/strong> Miejsca logowania i wprowadzania danych osobowych s\u0105 chronione w warstwie transmisji (certyfikat SSL). Dzi\u0119ki temu dane osobowe i dane logowania, wprowadzone na stronie, zostaj\u0105 zaszyfrowane w komputerze u\u017cytkownika i mog\u0105 by\u0107 odczytane jedynie na docelowym serwerze.<\/span><\/p>\n<p><span style=\"color: #000000;\"><strong>2.2<\/strong> W celu ochrony danych Operator regularnie wykonuje kopie bezpiecze\u0144stwa.<\/span><\/p>\n<p><span style=\"color: #000000;\"><strong>2.3<\/strong> Istotnym elementem ochrony danych jest regularna aktualizacja wszelkiego oprogramowania, wykorzystywanego przez Operatora do przetwarzania danych osobowych, co w szczeg\u00f3lno\u015bci oznacza regularne aktualizacje komponent\u00f3w programistycznych.<\/span><\/p>\n<h3 style=\"text-align: center;\"><span style=\"color: #000000;\">3. Hosting<\/span><\/h3>\n<p><span style=\"color: #000000;\"><strong>3.1<\/strong> Serwis jest hostowany (technicznie utrzymywany) na serwerach operatora: LH.pl<\/span><\/p>\n<p><span style=\"color: #000000;\"><strong>3.2<\/strong> Firma hostingowa w celu zapewnienia niezawodno\u015bci technicznej prowadzi logi na poziomie serwera. Zapisowi mog\u0105 podlega\u0107:<\/span><br \/><span style=\"color: #000000;\"><strong>3.2.1<\/strong> zasoby okre\u015blone identyfikatorem URL (adresy \u017c\u0105danych zasob\u00f3w \u2013 stron, plik\u00f3w),<\/span><\/p>\n<p><span style=\"color: #000000;\"><strong>3.2.2<\/strong> czas nadej\u015bcia zapytania,<\/span><\/p>\n<p><span style=\"color: #000000;\"><strong>3.2.3<\/strong> czas wys\u0142ania odpowiedzi,<\/span><\/p>\n<p><span style=\"color: #000000;\"><strong>3.2.4<\/strong> nazw\u0119 stacji klienta \u2013 identyfikacja realizowana przez protok\u00f3\u0142 HTTP,<\/span><\/p>\n<p><span style=\"color: #000000;\"><strong>3.2.5<\/strong> informacje o b\u0142\u0119dach jakie nast\u0105pi\u0142y przy realizacji transakcji HTTP,<\/span><\/p>\n<p><span style=\"color: #000000;\"><strong>3.2.6<\/strong> adres URL strony poprzednio odwiedzanej przez u\u017cytkownika (referer link) \u2013 w przypadku gdy przej\u015bcie do Serwisu nast\u0105pi\u0142o przez odno\u015bnik,<\/span><\/p>\n<p><span style=\"color: #000000;\"><strong>3.2.7<\/strong> informacje o przegl\u0105darce u\u017cytkownika,<\/span><\/p>\n<p><span style=\"color: #000000;\"><strong>3.2.8<\/strong> informacje o adresie IP,<\/span><\/p>\n<p><span style=\"color: #000000;\"><strong>3.2.9<\/strong> informacje diagnostyczne zwi\u0105zane z procesem samodzielnego zamawiania us\u0142ug poprzez rejestratory na stronie,<\/span><\/p>\n<p><span style=\"color: #000000;\"><strong>3.2.10<\/strong> informacje zwi\u0105zane z obs\u0142ug\u0105 poczty elektronicznej kierowanej do Operatora oraz wysy\u0142anej przez Operatora.<\/span><\/p>\n<h3 style=\"text-align: center;\"><span style=\"color: #000000;\">4.Twoje prawa i dodatkowe informacje o sposobie wykorzystania danych<\/span><\/h3>\n<p><span style=\"color: #000000;\"><strong>4.1<\/strong> W niekt\u00f3rych sytuacjach Administrator ma prawo przekazywa\u0107 Twoje dane osobowe innym odbiorcom, je\u015bli b\u0119dzie to niezb\u0119dne do wykonania zawartej z Tob\u0105 umowy lub do zrealizowania obowi\u0105zk\u00f3w ci\u0105\u017c\u0105cych na Administratorze. Dotyczy to takich grup odbiorc\u00f3w:<\/span><br \/><span style=\"color: #000000;\">firma hostingowa na zasadzie powierzenia<\/span><\/p>\n<p><span style=\"color: #000000;\"><strong>4.2<\/strong> Upowa\u017cnieni pracownicy i wsp\u00f3\u0142pracownicy, kt\u00f3rzy korzystaj\u0105 z danych w celu realizacji celu dzia\u0142ania strony<\/span><\/p>\n<p><span style=\"color: #000000;\">\u00a0<strong>4.3<\/strong> Twoje dane osobowe przetwarzane przez Administratora nie d\u0142u\u017cej, ni\u017c jest to konieczne do wykonania zwi\u0105zanych z nimi czynno\u015bci okre\u015blonych osobnymi przepisami (np. o prowadzeniu rachunkowo\u015bci). W odniesieniu do danych marketingowych dane nie b\u0119d\u0105 przetwarzane d\u0142u\u017cej ni\u017c przez 3 lata.<\/span><\/p>\n<p><span style=\"color: #000000;\"><strong>4.4<\/strong>\u00a0Przys\u0142uguje Ci prawo \u017c\u0105dania od Administratora:<\/span><br \/><span style=\"color: #000000;\">dost\u0119pu do danych osobowych Ciebie dotycz\u0105cych,<\/span><\/p>\n<p><span style=\"color: #000000;\"><strong>4.4.1<\/strong> ich sprostowania,<\/span><\/p>\n<p><span style=\"color: #000000;\"><strong>4.4.2<\/strong> usuni\u0119cia,<\/span><\/p>\n<p><span style=\"color: #000000;\"><strong>4.4.3<\/strong> ograniczenia przetwarzania,<\/span><\/p>\n<p><span style=\"color: #000000;\"><strong>4.4.4<\/strong> oraz przenoszenia danych.<\/span><\/p>\n<p><span style=\"color: #000000;\"><strong>4.5<\/strong> Przys\u0142uguje Ci prawo do z\u0142o\u017cenia sprzeciwu w zakresie przetwarzania wskazanego w pkt 3.2 wobec przetwarzania danych osobowych w celu wykonania prawnie uzasadnionych interes\u00f3w realizowanych przez Administratora, w tym profilowania, przy czym prawo sprzeciwu nie b\u0119dzie mog\u0142o by\u0107 wykonane w przypadku istnienia wa\u017cnych prawnie uzasadnionych podstaw do przetwarzania, nadrz\u0119dnych wobec Ciebie interes\u00f3w, praw i wolno\u015bci, w szczeg\u00f3lno\u015bci ustalenia, dochodzenia lub obrony roszcze\u0144.<\/span><\/p>\n<p><span style=\"color: #000000;\"><strong>4.6<\/strong> Na dzia\u0142ania Administratora przys\u0142uguje skarga do Prezesa Urz\u0119du Ochrony Danych Osobowych, ul. Stawki 2, 00-193 Warszawa.<\/span><\/p>\n<p><span style=\"color: #000000;\"><strong>4.7<\/strong> Podanie danych osobowych jest dobrowolne, lecz niezb\u0119dne do obs\u0142ugi Serwisu.<\/span><\/p>\n<p><span style=\"color: #000000;\"><strong>4.8<\/strong> W stosunku do Ciebie mog\u0105 by\u0107 podejmowane czynno\u015bci polegaj\u0105ce na zautomatyzowanym podejmowaniu decyzji, w tym profilowaniu w celu \u015bwiadczenia us\u0142ug w ramach zawartej umowy oraz w celu prowadzenia przez Administratora marketingu bezpo\u015bredniego.<\/span><\/p>\n<p><span style=\"color: #000000;\"><strong>4.9<\/strong> Dane osobowe nie s\u0105 przekazywane od kraj\u00f3w trzecich w rozumieniu przepis\u00f3w o ochronie danych osobowych. Oznacza to, \u017ce nie przesy\u0142amy ich poza teren Unii Europejskiej.<\/span><\/p>\n<h3><span style=\"color: #000000;\">5.Informacje w formularzach<\/span><\/h3>\n<p><span style=\"color: #000000;\"><strong>5.1<\/strong> Serwis zbiera informacje podane dobrowolnie przez u\u017cytkownika, w tym dane osobowe, o ile zostan\u0105 one podane.<\/span><\/p>\n<p><span style=\"color: #000000;\"><strong>5.2<\/strong> Serwis mo\u017ce zapisa\u0107 informacje o parametrach po\u0142\u0105czenia (oznaczenie czasu, adres IP).<\/span><\/p>\n<p><span style=\"color: #000000;\"><strong>5.3<\/strong> Serwis, w niekt\u00f3rych wypadkach, mo\u017ce zapisa\u0107 informacj\u0119 u\u0142atwiaj\u0105c\u0105 powi\u0105zanie danych w formularzu z adresem e-mail u\u017cytkownika wype\u0142niaj\u0105cego formularz. W takim wypadku adres e-mail u\u017cytkownika pojawia si\u0119 wewn\u0105trz adresu url strony zawieraj\u0105cej formularz.<\/span><\/p>\n<p><span style=\"color: #000000;\"><strong>5.4<\/strong> Dane podane w formularzu s\u0105 przetwarzane w celu wynikaj\u0105cym z funkcji konkretnego formularza, np. w celu dokonania procesu obs\u0142ugi zg\u0142oszenia serwisowego lub kontaktu handlowego, rejestracji us\u0142ug itp. Ka\u017cdorazowo kontekst i opis formularza w czytelny spos\u00f3b informuje, do czego on s\u0142u\u017cy.<\/span><\/p>\n<h3 style=\"text-align: center;\"><span style=\"color: #000000;\">6. Istotne techniki marketingowe<\/span><\/h3>\n<p><span style=\"color: #000000;\"><strong>6.1<\/strong> Operator stosuje analiz\u0119 statystyczn\u0105 ruchu na stronie, poprzez Google Analytics (Google Inc. z siedzib\u0105 w USA). Operator nie przekazuje do operatora tej us\u0142ugi danych osobowych, a jedynie zanonimizowane informacje. Us\u0142uga bazuje na wykorzystaniu ciasteczek w urz\u0105dzeniu ko\u0144cowym u\u017cytkownika. W zakresie informacji o preferencjach u\u017cytkownika gromadzonych przez sie\u0107 reklamow\u0105 Google u\u017cytkownik mo\u017ce przegl\u0105da\u0107 i edytowa\u0107 informacje wynikaj\u0105ce z plik\u00f3w cookies przy pomocy narz\u0119dzia: https:\/\/www.google.com\/ads\/preferences\/<\/span><\/p>\n<h3 style=\"text-align: center;\"><span style=\"color: #000000;\">7. Informacja o plikach cookies<\/span><\/h3>\n<p><span style=\"color: #000000;\"><strong>7.1<\/strong> Serwis korzysta z plik\u00f3w cookies.<\/span><\/p>\n<p><span style=\"color: #000000;\"><strong>7.2<\/strong> Pliki cookies (tzw. \u201eciasteczka\u201d) stanowi\u0105 dane informatyczne, w szczeg\u00f3lno\u015bci pliki tekstowe, kt\u00f3re przechowywane s\u0105 w urz\u0105dzeniu ko\u0144cowym U\u017cytkownika Serwisu i przeznaczone s\u0105 do korzystania ze stron internetowych Serwisu. Cookies zazwyczaj zawieraj\u0105 nazw\u0119 strony internetowej, z kt\u00f3rej pochodz\u0105, czas przechowywania ich na urz\u0105dzeniu ko\u0144cowym oraz unikalny numer.<\/span><\/p>\n<p><span style=\"color: #000000;\"><strong>7.3<\/strong> Podmiotem zamieszczaj\u0105cym na urz\u0105dzeniu ko\u0144cowym U\u017cytkownika Serwisu pliki cookies oraz uzyskuj\u0105cym do nich dost\u0119p jest operator Serwisu.<\/span><\/p>\n<p><span style=\"color: #000000;\"><strong>7.4<\/strong> Pliki cookies wykorzystywane s\u0105 w nast\u0119puj\u0105cych celach:<\/span><br \/><span style=\"color: #000000;\">utrzymanie sesji u\u017cytkownika Serwisu (po zalogowaniu), dzi\u0119ki kt\u00f3rej u\u017cytkownik nie musi na ka\u017cdej podstronie Serwisu ponownie wpisywa\u0107 loginu i has\u0142a;<\/span><\/p>\n<p><span style=\"color: #000000;\"><strong>7.5<\/strong> Realizacji cel\u00f3w okre\u015blonych powy\u017cej w cz\u0119\u015bci &#8222;Istotne techniki marketingowe&#8221;;<\/span><\/p>\n<p><span style=\"color: #000000;\"><strong>7.6<\/strong> W ramach Serwisu stosowane s\u0105 dwa zasadnicze rodzaje plik\u00f3w cookies: \u201esesyjne\u201d (session cookies) oraz \u201esta\u0142e\u201d (persistent cookies). Cookies \u201esesyjne\u201d s\u0105 plikami tymczasowymi, kt\u00f3re przechowywane s\u0105 w urz\u0105dzeniu ko\u0144cowym U\u017cytkownika do czasu wylogowania, opuszczenia strony internetowej lub wy\u0142\u0105czenia oprogramowania (przegl\u0105darki internetowej). \u201eSta\u0142e\u201d pliki cookies przechowywane s\u0105 w urz\u0105dzeniu ko\u0144cowym U\u017cytkownika przez czas okre\u015blony w parametrach plik\u00f3w cookies lub do czasu ich usuni\u0119cia przez U\u017cytkownika.<\/span><\/p>\n<p><span style=\"color: #000000;\"><strong>7.7<\/strong> Oprogramowanie do przegl\u0105dania stron internetowych (przegl\u0105darka internetowa) zazwyczaj domy\u015blnie dopuszcza przechowywanie plik\u00f3w cookies w urz\u0105dzeniu ko\u0144cowym U\u017cytkownika. U\u017cytkownicy Serwisu mog\u0105 dokona\u0107 zmiany ustawie\u0144 w tym zakresie. Przegl\u0105darka internetowa umo\u017cliwia usuni\u0119cie plik\u00f3w cookies. Mo\u017cliwe jest tak\u017ce automatyczne blokowanie plik\u00f3w cookies Szczeg\u00f3\u0142owe informacje na ten temat zawiera pomoc lub dokumentacja przegl\u0105darki internetowej.<\/span><\/p>\n<p><span style=\"color: #000000;\"><strong>7.8<\/strong> Ograniczenia stosowania plik\u00f3w cookies mog\u0105 wp\u0142yn\u0105\u0107 na niekt\u00f3re funkcjonalno\u015bci dost\u0119pne na stronach internetowych Serwisu.<\/span><\/p>\n<p><span style=\"color: #000000;\"><strong>7.9<\/strong> Pliki cookies zamieszczane w urz\u0105dzeniu ko\u0144cowym U\u017cytkownika Serwisu wykorzystywane mog\u0105 by\u0107 r\u00f3wnie\u017c przez wsp\u00f3\u0142pracuj\u0105ce z operatorem Serwisu podmioty, w szczeg\u00f3lno\u015bci dotyczy to firm: Google (Google Inc. z siedzib\u0105 w USA), Facebook (Facebook Inc. z siedzib\u0105 w USA), Twitter (Twitter Inc. z siedzib\u0105 w USA).<\/span><\/p>\n<h3 style=\"text-align: center;\"><span style=\"color: #000000;\">8. Zarz\u0105dzanie plikami cookies \u2013 jak w praktyce wyra\u017ca\u0107 i cofa\u0107 zgod\u0119?<\/span><\/h3>\n<p><span style=\"color: #000000;\"><strong>8.1<\/strong> Je\u015bli u\u017cytkownik nie chce otrzymywa\u0107 plik\u00f3w cookies, mo\u017ce zmieni\u0107 ustawienia przegl\u0105darki. Zastrzegamy, \u017ce wy\u0142\u0105czenie obs\u0142ugi plik\u00f3w cookies niezb\u0119dnych dla proces\u00f3w uwierzytelniania, bezpiecze\u0144stwa, utrzymania preferencji u\u017cytkownika mo\u017ce utrudni\u0107, a w skrajnych przypadkach mo\u017ce uniemo\u017cliwi\u0107 korzystanie ze stron www<\/span><\/p>\n<p><span style=\"color: #000000;\"><strong>8.2<\/strong> W celu zarz\u0105dzania ustawienia cookies wybierz z listy poni\u017cej przegl\u0105dark\u0119 internetow\u0105, kt\u00f3rej u\u017cywasz i post\u0119puj zgodnie z instrukcjami:<\/span><\/p>\n<p><span style=\"color: #000000;\"><strong>8.2.1<\/strong> Edge<\/span><\/p>\n<p><span style=\"color: #000000;\"><strong>8.2.2<\/strong> Internet Explorer<\/span><\/p>\n<p><span style=\"color: #000000;\"><strong>8.2.3<\/strong> Chrome<\/span><\/p>\n<p><span style=\"color: #000000;\"><strong>8.2.4<\/strong> Safari<\/span><\/p>\n<p><span style=\"color: #000000;\"><strong>8.2.5<\/strong> Firefox<\/span><\/p>\n<p><span style=\"color: #000000;\"><strong>8.2.6<\/strong> Opera<\/span><br \/><span style=\"color: #000000;\"><strong>8.2.1.1<\/strong> Urz\u0105dzenia mobilne:<\/span><\/p>\n<p><span style=\"color: #000000;\"><strong>8.2.1.1.1<\/strong> Android<\/span><\/p>\n<p><span style=\"color: #000000;\"><strong>8.2.1.1.2<\/strong> Safari (iOS)<\/span><\/p>\n<p><span style=\"color: #000000;\"><strong>8.2.1.1.3<\/strong> Windows Phone<\/span><\/p>\n<p><\/p>\n<p><span style=\"color: #000000;\"><!-- \/wp:list --><\/span><\/p>\n<p><!-- \/wp:list-item --><\/p>\n<p><span style=\"color: #000000;\"><!-- \/wp:list --><\/span><\/p>\t\t\t\t\t\t\t\t<\/div>\n\t\t\t\t<\/div>\n\t\t\t\t\t<\/div>\n\t\t\t\t<\/div>\n\t\t\t\t<\/div>\n\t\t","protected":false},"excerpt":{"rendered":"<p>Polityka prywatno\u015bci opisuje zasady przetwarzania przez nas informacji na Tw\u00f3j temat, w tym danych osobowych oraz ciasteczek, czyli tzw. cookies. \u00a0 1. Informacje og\u00f3lne 1.1 Niniejsza polityka dotyczy Serwisu www, funkcjonuj\u0105cego pod adresem url: leszczynowezacisze.pl 1.2 Operatorem serwisu oraz Administratorem danych osobowych jest: Agroturystyka &#8222;Leszczynowe Zacisze&#8221; Ma\u0142gorzata Wi\u015bniewska Rozalin 45, 05-282 Strach\u00f3wka 1.3 Adres kontaktowy&#8230;<\/p>\n","protected":false},"author":1,"featured_media":0,"parent":0,"menu_order":0,"comment_status":"closed","ping_status":"closed","template":"","meta":{"footnotes":""},"class_list":["post-9","page","type-page","status-publish","hentry"],"aioseo_notices":[],"yoast_head":"<!-- This site is optimized with the Yoast SEO plugin v24.7 - https:\/\/yoast.com\/wordpress\/plugins\/seo\/ -->\n<title>Polityka Prywatno\u015bci - Leszczynowe Zacisze<\/title>\n<meta name=\"description\" content=\"Polityka Prywatno\u015bci strony internetowej Leszczynowe Zacisze\" \/>\n<meta name=\"robots\" content=\"index, nofollow, max-snippet:-1, max-image-preview:large, max-video-preview:-1, noarchive\" \/>\n<link rel=\"canonical\" href=\"https:\/\/leszczynowezacisze.pl\/?page_id=9\" \/>\n<meta property=\"og:locale\" content=\"pl_PL\" \/>\n<meta property=\"og:type\" content=\"article\" \/>\n<meta property=\"og:title\" content=\"Polityka Prywatno\u015bci - Leszczynowe Zacisze\" \/>\n<meta property=\"og:description\" content=\"Polityka Prywatno\u015bci strony internetowej Leszczynowe Zacisze\" \/>\n<meta property=\"og:url\" content=\"https:\/\/leszczynowezacisze.pl\/?page_id=9\" \/>\n<meta property=\"og:site_name\" content=\"Leszczynowe Zacisze\" \/>\n<meta property=\"article:modified_time\" content=\"2024-12-30T13:25:47+00:00\" \/>\n<meta name=\"twitter:card\" content=\"summary_large_image\" \/>\n<meta name=\"twitter:label1\" content=\"Szacowany czas czytania\" \/>\n\t<meta name=\"twitter:data1\" content=\"8 minut\" \/>\n<script type=\"application\/ld+json\" class=\"yoast-schema-graph\">{\"@context\":\"https:\/\/schema.org\",\"@graph\":[{\"@type\":\"WebPage\",\"@id\":\"https:\/\/leszczynowezacisze.pl\/?page_id=9\",\"url\":\"https:\/\/leszczynowezacisze.pl\/?page_id=9\",\"name\":\"Polityka Prywatno\u015bci - Leszczynowe Zacisze\",\"isPartOf\":{\"@id\":\"https:\/\/leszczynowezacisze.pl\/#website\"},\"datePublished\":\"2024-11-03T20:54:34+00:00\",\"dateModified\":\"2024-12-30T13:25:47+00:00\",\"description\":\"Polityka Prywatno\u015bci strony internetowej Leszczynowe Zacisze\",\"breadcrumb\":{\"@id\":\"https:\/\/leszczynowezacisze.pl\/?page_id=9#breadcrumb\"},\"inLanguage\":\"pl-PL\",\"potentialAction\":[{\"@type\":\"ReadAction\",\"target\":[\"https:\/\/leszczynowezacisze.pl\/?page_id=9\"]}]},{\"@type\":\"BreadcrumbList\",\"@id\":\"https:\/\/leszczynowezacisze.pl\/?page_id=9#breadcrumb\",\"itemListElement\":[{\"@type\":\"ListItem\",\"position\":1,\"name\":\"Strona g\u0142\u00f3wna\",\"item\":\"https:\/\/leszczynowezacisze.pl\/\"},{\"@type\":\"ListItem\",\"position\":2,\"name\":\"Polityka Prywatno\u015bci\"}]},{\"@type\":\"WebSite\",\"@id\":\"https:\/\/leszczynowezacisze.pl\/#website\",\"url\":\"https:\/\/leszczynowezacisze.pl\/\",\"name\":\"Leszczynowe Zacisze\",\"description\":\"\",\"potentialAction\":[{\"@type\":\"SearchAction\",\"target\":{\"@type\":\"EntryPoint\",\"urlTemplate\":\"https:\/\/leszczynowezacisze.pl\/?s={search_term_string}\"},\"query-input\":{\"@type\":\"PropertyValueSpecification\",\"valueRequired\":true,\"valueName\":\"search_term_string\"}}],\"inLanguage\":\"pl-PL\"},{\"@type\":\"Person\",\"@id\":\"https:\/\/leszczynowezacisze.pl\/#\/schema\/person\/99a682697f667a8ed2b64a67f6df3287\",\"name\":\"admin-aqJZMBiR\",\"image\":{\"@type\":\"ImageObject\",\"inLanguage\":\"pl-PL\",\"@id\":\"https:\/\/leszczynowezacisze.pl\/#\/schema\/person\/image\/\",\"url\":\"https:\/\/secure.gravatar.com\/avatar\/817dcf22432f9b299e267e4be46b253a?s=96&d=mm&r=g\",\"contentUrl\":\"https:\/\/secure.gravatar.com\/avatar\/817dcf22432f9b299e267e4be46b253a?s=96&d=mm&r=g\",\"caption\":\"admin-aqJZMBiR\"},\"sameAs\":[\"https:\/\/leszczynowezacisze.pl\"],\"url\":\"https:\/\/leszczynowezacisze.pl\/?author=1\"}]}<\/script>\n<!-- \/ Yoast SEO plugin. -->","yoast_head_json":{"title":"Polityka Prywatno\u015bci - Leszczynowe Zacisze","description":"Polityka Prywatno\u015bci strony internetowej Leszczynowe Zacisze","robots":{"index":"index","follow":"nofollow","max-snippet":"max-snippet:-1","max-image-preview":"max-image-preview:large","max-video-preview":"max-video-preview:-1","archive":"noarchive"},"canonical":"https:\/\/leszczynowezacisze.pl\/?page_id=9","og_locale":"pl_PL","og_type":"article","og_title":"Polityka Prywatno\u015bci - Leszczynowe Zacisze","og_description":"Polityka Prywatno\u015bci strony internetowej Leszczynowe Zacisze","og_url":"https:\/\/leszczynowezacisze.pl\/?page_id=9","og_site_name":"Leszczynowe Zacisze","article_modified_time":"2024-12-30T13:25:47+00:00","twitter_card":"summary_large_image","twitter_misc":{"Szacowany czas czytania":"8 minut"},"schema":{"@context":"https:\/\/schema.org","@graph":[{"@type":"WebPage","@id":"https:\/\/leszczynowezacisze.pl\/?page_id=9","url":"https:\/\/leszczynowezacisze.pl\/?page_id=9","name":"Polityka Prywatno\u015bci - Leszczynowe Zacisze","isPartOf":{"@id":"https:\/\/leszczynowezacisze.pl\/#website"},"datePublished":"2024-11-03T20:54:34+00:00","dateModified":"2024-12-30T13:25:47+00:00","description":"Polityka Prywatno\u015bci strony internetowej Leszczynowe Zacisze","breadcrumb":{"@id":"https:\/\/leszczynowezacisze.pl\/?page_id=9#breadcrumb"},"inLanguage":"pl-PL","potentialAction":[{"@type":"ReadAction","target":["https:\/\/leszczynowezacisze.pl\/?page_id=9"]}]},{"@type":"BreadcrumbList","@id":"https:\/\/leszczynowezacisze.pl\/?page_id=9#breadcrumb","itemListElement":[{"@type":"ListItem","position":1,"name":"Strona g\u0142\u00f3wna","item":"https:\/\/leszczynowezacisze.pl\/"},{"@type":"ListItem","position":2,"name":"Polityka Prywatno\u015bci"}]},{"@type":"WebSite","@id":"https:\/\/leszczynowezacisze.pl\/#website","url":"https:\/\/leszczynowezacisze.pl\/","name":"Leszczynowe Zacisze","description":"","potentialAction":[{"@type":"SearchAction","target":{"@type":"EntryPoint","urlTemplate":"https:\/\/leszczynowezacisze.pl\/?s={search_term_string}"},"query-input":{"@type":"PropertyValueSpecification","valueRequired":true,"valueName":"search_term_string"}}],"inLanguage":"pl-PL"},{"@type":"Person","@id":"https:\/\/leszczynowezacisze.pl\/#\/schema\/person\/99a682697f667a8ed2b64a67f6df3287","name":"admin-aqJZMBiR","image":{"@type":"ImageObject","inLanguage":"pl-PL","@id":"https:\/\/leszczynowezacisze.pl\/#\/schema\/person\/image\/","url":"https:\/\/secure.gravatar.com\/avatar\/817dcf22432f9b299e267e4be46b253a?s=96&d=mm&r=g","contentUrl":"https:\/\/secure.gravatar.com\/avatar\/817dcf22432f9b299e267e4be46b253a?s=96&d=mm&r=g","caption":"admin-aqJZMBiR"},"sameAs":["https:\/\/leszczynowezacisze.pl"],"url":"https:\/\/leszczynowezacisze.pl\/?author=1"}]}},"_links":{"self":[{"href":"https:\/\/leszczynowezacisze.pl\/index.php?rest_route=\/wp\/v2\/pages\/9","targetHints":{"allow":["GET"]}}],"collection":[{"href":"https:\/\/leszczynowezacisze.pl\/index.php?rest_route=\/wp\/v2\/pages"}],"about":[{"href":"https:\/\/leszczynowezacisze.pl\/index.php?rest_route=\/wp\/v2\/types\/page"}],"author":[{"embeddable":true,"href":"https:\/\/leszczynowezacisze.pl\/index.php?rest_route=\/wp\/v2\/users\/1"}],"replies":[{"embeddable":true,"href":"https:\/\/leszczynowezacisze.pl\/index.php?rest_route=%2Fwp%2Fv2%2Fcomments&post=9"}],"version-history":[{"count":5,"href":"https:\/\/leszczynowezacisze.pl\/index.php?rest_route=\/wp\/v2\/pages\/9\/revisions"}],"predecessor-version":[{"id":641,"href":"https:\/\/leszczynowezacisze.pl\/index.php?rest_route=\/wp\/v2\/pages\/9\/revisions\/641"}],"wp:attachment":[{"href":"https:\/\/leszczynowezacisze.pl\/index.php?rest_route=%2Fwp%2Fv2%2Fmedia&parent=9"}],"curies":[{"name":"wp","href":"https:\/\/api.w.org\/{rel}","templated":true}]}}