{"id":629,"date":"2024-12-29T23:45:14","date_gmt":"2024-12-29T22:45:14","guid":{"rendered":"https:\/\/leszczynowezacisze.pl\/?page_id=629"},"modified":"2025-01-19T19:17:21","modified_gmt":"2025-01-19T18:17:21","slug":"kontakt","status":"publish","type":"page","link":"https:\/\/leszczynowezacisze.pl\/?page_id=629","title":{"rendered":"Kontakt"},"content":{"rendered":"\t\t<div data-elementor-type=\"wp-page\" data-elementor-id=\"629\" class=\"elementor elementor-629\">\n\t\t\t\t<div class=\"elementor-element elementor-element-2d5c4a3 e-flex e-con-boxed e-con e-parent\" data-id=\"2d5c4a3\" data-element_type=\"container\">\n\t\t\t\t\t<div class=\"e-con-inner\">\n\t\t\t\t<div class=\"elementor-element elementor-element-23e3dc5 elementor-widget elementor-widget-heading\" data-id=\"23e3dc5\" data-element_type=\"widget\" data-widget_type=\"heading.default\">\n\t\t\t\t<div class=\"elementor-widget-container\">\n\t\t\t\t\t<h1 class=\"elementor-heading-title elementor-size-default\">Skontaktuj si\u0119 z Nami<\/h1>\t\t\t\t<\/div>\n\t\t\t\t<\/div>\n\t\t\t\t\t<\/div>\n\t\t\t\t<\/div>\n\t\t<div class=\"elementor-element elementor-element-8ac8282 e-flex e-con-boxed e-con e-parent\" data-id=\"8ac8282\" data-element_type=\"container\">\n\t\t\t\t\t<div class=\"e-con-inner\">\n\t\t<div class=\"elementor-element elementor-element-85069c1 e-con-full e-flex e-con e-child\" data-id=\"85069c1\" data-element_type=\"container\">\n\t\t\t\t<div class=\"elementor-element elementor-element-ba62a6f elementor-widget elementor-widget-text-editor\" data-id=\"ba62a6f\" data-element_type=\"widget\" data-widget_type=\"text-editor.default\">\n\t\t\t\t<div class=\"elementor-widget-container\">\n\t\t\t\t\t\t\t\t\t<p><span style=\"color: #000000;\">Rozalin 45, 05-282 Strach\u00f3wka<\/span><\/p>\t\t\t\t\t\t\t\t<\/div>\n\t\t\t\t<\/div>\n\t\t\t\t<\/div>\n\t\t<div class=\"elementor-element elementor-element-cab14d8 e-con-full e-flex e-con e-child\" data-id=\"cab14d8\" data-element_type=\"container\">\n\t\t\t\t<div class=\"elementor-element elementor-element-554611b elementor-widget elementor-widget-text-editor\" data-id=\"554611b\" data-element_type=\"widget\" data-widget_type=\"text-editor.default\">\n\t\t\t\t<div class=\"elementor-widget-container\">\n\t\t\t\t\t\t\t\t\t<h2 style=\"text-align: center;\"><a href=\"https:\/\/leszczynowezacisze.pl\/\">Agroturystyka Leszczynowe Zacisze<\/a><\/h2><h2 style=\"text-align: center;\"><a href=\"https:\/\/leszczynowezacisze.pl\/?page_id=508\">Stodo\u0142a Rozalia<\/a><\/h2>\t\t\t\t\t\t\t\t<\/div>\n\t\t\t\t<\/div>\n\t\t\t\t<\/div>\n\t\t<div class=\"elementor-element elementor-element-ffd4676 e-con-full e-flex e-con e-child\" data-id=\"ffd4676\" data-element_type=\"container\">\n\t\t\t\t<div class=\"elementor-element elementor-element-4fc875a elementor-widget elementor-widget-text-editor\" data-id=\"4fc875a\" data-element_type=\"widget\" data-widget_type=\"text-editor.default\">\n\t\t\t\t<div class=\"elementor-widget-container\">\n\t\t\t\t\t\t\t\t\t<p><span style=\"color: #000000;\">e-mail: boroweczka45@wp.pl\u00a0<\/span><br \/><span style=\"color: #000000;\">tel: 602-592-815<\/span><br \/><span style=\"color: #000000;\">tel: 508-056-420<\/span><\/p>\t\t\t\t\t\t\t\t<\/div>\n\t\t\t\t<\/div>\n\t\t\t\t<\/div>\n\t\t\t\t\t<\/div>\n\t\t\t\t<\/div>\n\t\t<div class=\"elementor-element elementor-element-1d284d3 e-flex e-con-boxed e-con e-parent\" data-id=\"1d284d3\" data-element_type=\"container\">\n\t\t\t\t\t<div class=\"e-con-inner\">\n\t\t\t\t<div class=\"elementor-element elementor-element-3bd13b2 elementor-widget elementor-widget-shortcode\" data-id=\"3bd13b2\" data-element_type=\"widget\" data-widget_type=\"shortcode.default\">\n\t\t\t\t<div class=\"elementor-widget-container\">\n\t\t\t\t\t\t\t<div class=\"elementor-shortcode\"><div class=\"forminator-ui forminator-custom-form forminator-custom-form-92 forminator-design--material  forminator_ajax\" data-forminator-render=\"0\" data-form=\"forminator-module-92\" data-uid=\"69d0e56918371\"><br\/><\/div><form\n\t\t\t\tid=\"forminator-module-92\"\n\t\t\t\tclass=\"forminator-ui forminator-custom-form forminator-custom-form-92 forminator-design--material  forminator_ajax\"\n\t\t\t\tmethod=\"post\"\n\t\t\t\tdata-forminator-render=\"0\"\n\t\t\t\tdata-form-id=\"92\"\n\t\t\t\t\n\t\t\t\tdata-design=\"material\"\n\t\t\t\t\n\t\t\t\t\n\t\t\t\t\n\t\t\t\tdata-grid=\"open\"\n\t\t\t\t\n\t\t\t\t\n\t\t\t\tstyle=\"display: none;\"\n\t\t\t\t\n\t\t\t\tdata-uid=\"69d0e56918371\"\n\t\t\t><div role=\"alert\" aria-live=\"polite\" class=\"forminator-response-message forminator-error\" aria-hidden=\"true\"><\/div><div class=\"forminator-row\"><div id=\"name-1\" class=\"forminator-field-name forminator-col forminator-col-6 \"><div class=\"forminator-field\"><label for=\"forminator-field-name-1_69d0e56918371\" id=\"forminator-field-name-1_69d0e56918371-label\" class=\"forminator-label\">Imi\u0119 <span class=\"forminator-required\">*<\/span><\/label><input type=\"text\" name=\"name-1\" value=\"\" placeholder=\"Na przyk\u0142ad: Jan\" id=\"forminator-field-name-1_69d0e56918371\" class=\"forminator-input forminator-name--field\" aria-required=\"true\" \/><\/div><\/div><div id=\"name-2\" class=\"forminator-field-name forminator-col forminator-col-6 \"><div class=\"forminator-field\"><label for=\"forminator-field-name-2_69d0e56918371\" id=\"forminator-field-name-2_69d0e56918371-label\" class=\"forminator-label\">Nazwisko<\/label><input type=\"text\" name=\"name-2\" value=\"\" placeholder=\"Kowalski\" id=\"forminator-field-name-2_69d0e56918371\" class=\"forminator-input forminator-name--field\" aria-required=\"false\" \/><\/div><\/div><\/div><div class=\"forminator-row\"><div id=\"email-1\" class=\"forminator-field-email forminator-col forminator-col-12 \"><div class=\"forminator-field\"><label for=\"forminator-field-email-1_69d0e56918371\" id=\"forminator-field-email-1_69d0e56918371-label\" class=\"forminator-label\">Adres e-mail <span class=\"forminator-required\">*<\/span><\/label><input type=\"email\" name=\"email-1\" value=\"\" placeholder=\"Na przyk\u0142ad: jan@kowalski.com\" id=\"forminator-field-email-1_69d0e56918371\" class=\"forminator-input forminator-email--field\" data-required=\"true\" aria-required=\"true\" \/><\/div><\/div><\/div><div class=\"forminator-row\"><div id=\"phone-1\" class=\"forminator-field-phone forminator-col forminator-col-12 \"><div class=\"forminator-field\"><label for=\"forminator-field-phone-1_69d0e56918371\" id=\"forminator-field-phone-1_69d0e56918371-label\" class=\"forminator-label\">Numer telefonu<\/label><input type=\"text\" name=\"phone-1\" value=\"\" placeholder=\"Przyk\u0142ad. +48 100 200 300\" id=\"forminator-field-phone-1_69d0e56918371\" class=\"forminator-input forminator-field--phone\" data-required=\"\" aria-required=\"false\" autocomplete=\"off\" \/><\/div><\/div><\/div><div class=\"forminator-row\"><div id=\"select-1\" class=\"forminator-field-select forminator-col forminator-col-12 \"><div class=\"forminator-field\"><label for=\"forminator-form-92__field--select-1_69d0e56918371\" id=\"forminator-form-92__field--select-1_69d0e56918371-label\" class=\"forminator-label\">Wybierz Temat<\/label><select  id=\"forminator-form-92__field--select-1_69d0e56918371\" class=\"forminator-select--field forminator-select2 forminator-select2-multiple\" data-required=\"\" name=\"select-1\" data-default-value=\"\" data-hidden-behavior=\"zero\" data-placeholder=\"\" data-search=\"false\" data-search-placeholder=\"\" data-checkbox=\"false\" data-allow-clear=\"false\" aria-labelledby=\"forminator-form-92__field--select-1_69d0e56918371-label\"><option value=\"one\"  data-calculation=\"0\">Wynajem Lokalu<\/option><option value=\"two\"  data-calculation=\"0\">Rezerwacja Warsztat\u00f3w<\/option><option value=\"Inny-Temat\"  data-calculation=\"0\">Inny Temat<\/option><\/select><\/div><\/div><\/div><div class=\"forminator-row\"><div id=\"textarea-1\" class=\"forminator-field-textarea forminator-col forminator-col-12 \"><div class=\"forminator-field\"><label for=\"forminator-field-textarea-1_69d0e56918371\" id=\"forminator-field-textarea-1_69d0e56918371-label\" class=\"forminator-label\">Wiadomo\u015b\u0107<\/label><textarea name=\"textarea-1\" placeholder=\"Wpisz swoj\u0105 wiadomo\u015b\u0107...\" id=\"forminator-field-textarea-1_69d0e56918371\" class=\"forminator-textarea\" rows=\"6\" style=\"min-height:140px;\" maxlength=\"180\" ><\/textarea><span id=\"forminator-field-textarea-1_69d0e56918371-description\" class=\"forminator-description\"><span data-limit=\"180\" data-type=\"characters\" data-editor=\"\">0 \/ 180<\/span><\/span><\/div><\/div><\/div><div class=\"forminator-row\"><\/div><input type=\"hidden\" name=\"referer_url\" value=\"\" \/><div class=\"forminator-row forminator-row-last\"><div class=\"forminator-col\"><div class=\"forminator-field\"><button class=\"forminator-button forminator-button-submit\"><span>Wy\u015blij wiadomo\u015b\u0107<\/span><span aria-hidden=\"true\"><\/span><\/button><\/div><\/div><\/div><input type=\"hidden\" id=\"forminator_nonce\" name=\"forminator_nonce\" value=\"2ea6e09835\" \/><input type=\"hidden\" name=\"_wp_http_referer\" value=\"\/index.php?rest_route=%2Fwp%2Fv2%2Fpages%2F629\" \/><input type=\"hidden\" name=\"form_id\" value=\"92\"><input type=\"hidden\" name=\"page_id\" value=\"629\"><input type=\"hidden\" name=\"form_type\" value=\"default\"><input type=\"hidden\" name=\"current_url\" value=\"https:\/\/leszczynowezacisze.pl\/?page_id=629\"><input type=\"hidden\" name=\"render_id\" value=\"0\"><input type=\"hidden\" name=\"action\" value=\"forminator_submit_form_custom-forms\"><\/form><\/div>\n\t\t\t\t\t\t<\/div>\n\t\t\t\t<\/div>\n\t\t\t\t\t<\/div>\n\t\t\t\t<\/div>\n\t\t<div class=\"elementor-element elementor-element-4a2656e e-flex e-con-boxed e-con e-parent\" data-id=\"4a2656e\" data-element_type=\"container\">\n\t\t\t\t\t<div class=\"e-con-inner\">\n\t\t\t\t<div class=\"elementor-element elementor-element-6893e86 elementor-widget elementor-widget-google_maps\" data-id=\"6893e86\" data-element_type=\"widget\" data-widget_type=\"google_maps.default\">\n\t\t\t\t<div class=\"elementor-widget-container\">\n\t\t\t\t\t\t\t<div class=\"elementor-custom-embed\">\n\t\t\t<iframe loading=\"lazy\"\n\t\t\t\t\tsrc=\"https:\/\/maps.google.com\/maps?q=Leszczynowe%20Zacisze%20Rozalin&#038;t=m&#038;z=9&#038;output=embed&#038;iwloc=near\"\n\t\t\t\t\ttitle=\"Leszczynowe Zacisze Rozalin\"\n\t\t\t\t\taria-label=\"Leszczynowe Zacisze Rozalin\"\n\t\t\t><\/iframe>\n\t\t<\/div>\n\t\t\t\t\t\t<\/div>\n\t\t\t\t<\/div>\n\t\t\t\t\t<\/div>\n\t\t\t\t<\/div>\n\t\t\t\t<\/div>\n\t\t","protected":false},"excerpt":{"rendered":"<p>Skontaktuj si\u0119 z Nami Rozalin 45, 05-282 Strach\u00f3wka Agroturystyka Leszczynowe Zacisze Stodo\u0142a Rozalia e-mail: boroweczka45@wp.pl\u00a0tel: 602-592-815tel: 508-056-420<\/p>\n","protected":false},"author":1,"featured_media":0,"parent":0,"menu_order":0,"comment_status":"closed","ping_status":"closed","template":"fullwidth.php","meta":{"footnotes":""},"class_list":["post-629","page","type-page","status-publish","hentry"],"aioseo_notices":[],"yoast_head":"<!-- This site is optimized with the Yoast SEO plugin v24.7 - https:\/\/yoast.com\/wordpress\/plugins\/seo\/ -->\n<title>Kontakt - Leszczynowe Zacisze<\/title>\n<meta name=\"robots\" content=\"index, follow, max-snippet:-1, max-image-preview:large, max-video-preview:-1\" \/>\n<link rel=\"canonical\" href=\"https:\/\/leszczynowezacisze.pl\/?page_id=629\" \/>\n<meta property=\"og:locale\" content=\"pl_PL\" \/>\n<meta property=\"og:type\" content=\"article\" \/>\n<meta property=\"og:title\" content=\"Kontakt - Leszczynowe Zacisze\" \/>\n<meta property=\"og:description\" content=\"Skontaktuj si\u0119 z Nami Rozalin 45, 05-282 Strach\u00f3wka Agroturystyka Leszczynowe Zacisze Stodo\u0142a Rozalia e-mail: boroweczka45@wp.pl\u00a0tel: 602-592-815tel: 508-056-420\" \/>\n<meta property=\"og:url\" content=\"https:\/\/leszczynowezacisze.pl\/?page_id=629\" \/>\n<meta property=\"og:site_name\" content=\"Leszczynowe Zacisze\" \/>\n<meta property=\"article:modified_time\" content=\"2025-01-19T18:17:21+00:00\" \/>\n<meta name=\"twitter:card\" content=\"summary_large_image\" \/>\n<meta name=\"twitter:label1\" content=\"Szacowany czas czytania\" \/>\n\t<meta name=\"twitter:data1\" content=\"1 minuta\" \/>\n<script type=\"application\/ld+json\" class=\"yoast-schema-graph\">{\"@context\":\"https:\/\/schema.org\",\"@graph\":[{\"@type\":\"WebPage\",\"@id\":\"https:\/\/leszczynowezacisze.pl\/?page_id=629\",\"url\":\"https:\/\/leszczynowezacisze.pl\/?page_id=629\",\"name\":\"Kontakt - Leszczynowe Zacisze\",\"isPartOf\":{\"@id\":\"https:\/\/leszczynowezacisze.pl\/#website\"},\"datePublished\":\"2024-12-29T22:45:14+00:00\",\"dateModified\":\"2025-01-19T18:17:21+00:00\",\"breadcrumb\":{\"@id\":\"https:\/\/leszczynowezacisze.pl\/?page_id=629#breadcrumb\"},\"inLanguage\":\"pl-PL\",\"potentialAction\":[{\"@type\":\"ReadAction\",\"target\":[\"https:\/\/leszczynowezacisze.pl\/?page_id=629\"]}]},{\"@type\":\"BreadcrumbList\",\"@id\":\"https:\/\/leszczynowezacisze.pl\/?page_id=629#breadcrumb\",\"itemListElement\":[{\"@type\":\"ListItem\",\"position\":1,\"name\":\"Strona g\u0142\u00f3wna\",\"item\":\"https:\/\/leszczynowezacisze.pl\/\"},{\"@type\":\"ListItem\",\"position\":2,\"name\":\"Kontakt\"}]},{\"@type\":\"WebSite\",\"@id\":\"https:\/\/leszczynowezacisze.pl\/#website\",\"url\":\"https:\/\/leszczynowezacisze.pl\/\",\"name\":\"Leszczynowe Zacisze\",\"description\":\"\",\"potentialAction\":[{\"@type\":\"SearchAction\",\"target\":{\"@type\":\"EntryPoint\",\"urlTemplate\":\"https:\/\/leszczynowezacisze.pl\/?s={search_term_string}\"},\"query-input\":{\"@type\":\"PropertyValueSpecification\",\"valueRequired\":true,\"valueName\":\"search_term_string\"}}],\"inLanguage\":\"pl-PL\"}]}<\/script>\n<!-- \/ Yoast SEO plugin. -->","yoast_head_json":{"title":"Kontakt - Leszczynowe Zacisze","robots":{"index":"index","follow":"follow","max-snippet":"max-snippet:-1","max-image-preview":"max-image-preview:large","max-video-preview":"max-video-preview:-1"},"canonical":"https:\/\/leszczynowezacisze.pl\/?page_id=629","og_locale":"pl_PL","og_type":"article","og_title":"Kontakt - Leszczynowe Zacisze","og_description":"Skontaktuj si\u0119 z Nami Rozalin 45, 05-282 Strach\u00f3wka Agroturystyka Leszczynowe Zacisze Stodo\u0142a Rozalia e-mail: boroweczka45@wp.pl\u00a0tel: 602-592-815tel: 508-056-420","og_url":"https:\/\/leszczynowezacisze.pl\/?page_id=629","og_site_name":"Leszczynowe Zacisze","article_modified_time":"2025-01-19T18:17:21+00:00","twitter_card":"summary_large_image","twitter_misc":{"Szacowany czas czytania":"1 minuta"},"schema":{"@context":"https:\/\/schema.org","@graph":[{"@type":"WebPage","@id":"https:\/\/leszczynowezacisze.pl\/?page_id=629","url":"https:\/\/leszczynowezacisze.pl\/?page_id=629","name":"Kontakt - Leszczynowe Zacisze","isPartOf":{"@id":"https:\/\/leszczynowezacisze.pl\/#website"},"datePublished":"2024-12-29T22:45:14+00:00","dateModified":"2025-01-19T18:17:21+00:00","breadcrumb":{"@id":"https:\/\/leszczynowezacisze.pl\/?page_id=629#breadcrumb"},"inLanguage":"pl-PL","potentialAction":[{"@type":"ReadAction","target":["https:\/\/leszczynowezacisze.pl\/?page_id=629"]}]},{"@type":"BreadcrumbList","@id":"https:\/\/leszczynowezacisze.pl\/?page_id=629#breadcrumb","itemListElement":[{"@type":"ListItem","position":1,"name":"Strona g\u0142\u00f3wna","item":"https:\/\/leszczynowezacisze.pl\/"},{"@type":"ListItem","position":2,"name":"Kontakt"}]},{"@type":"WebSite","@id":"https:\/\/leszczynowezacisze.pl\/#website","url":"https:\/\/leszczynowezacisze.pl\/","name":"Leszczynowe Zacisze","description":"","potentialAction":[{"@type":"SearchAction","target":{"@type":"EntryPoint","urlTemplate":"https:\/\/leszczynowezacisze.pl\/?s={search_term_string}"},"query-input":{"@type":"PropertyValueSpecification","valueRequired":true,"valueName":"search_term_string"}}],"inLanguage":"pl-PL"}]}},"_links":{"self":[{"href":"https:\/\/leszczynowezacisze.pl\/index.php?rest_route=\/wp\/v2\/pages\/629","targetHints":{"allow":["GET"]}}],"collection":[{"href":"https:\/\/leszczynowezacisze.pl\/index.php?rest_route=\/wp\/v2\/pages"}],"about":[{"href":"https:\/\/leszczynowezacisze.pl\/index.php?rest_route=\/wp\/v2\/types\/page"}],"author":[{"embeddable":true,"href":"https:\/\/leszczynowezacisze.pl\/index.php?rest_route=\/wp\/v2\/users\/1"}],"replies":[{"embeddable":true,"href":"https:\/\/leszczynowezacisze.pl\/index.php?rest_route=%2Fwp%2Fv2%2Fcomments&post=629"}],"version-history":[{"count":10,"href":"https:\/\/leszczynowezacisze.pl\/index.php?rest_route=\/wp\/v2\/pages\/629\/revisions"}],"predecessor-version":[{"id":1643,"href":"https:\/\/leszczynowezacisze.pl\/index.php?rest_route=\/wp\/v2\/pages\/629\/revisions\/1643"}],"wp:attachment":[{"href":"https:\/\/leszczynowezacisze.pl\/index.php?rest_route=%2Fwp%2Fv2%2Fmedia&parent=629"}],"curies":[{"name":"wp","href":"https:\/\/api.w.org\/{rel}","templated":true}]}}